{"id":217,"date":"2020-05-12T03:43:03","date_gmt":"2020-05-12T03:43:03","guid":{"rendered":"https:\/\/erdservices.com\/?page_id=217"},"modified":"2021-12-15T04:36:52","modified_gmt":"2021-12-15T04:36:52","slug":"home","status":"publish","type":"page","link":"https:\/\/erdservices.com\/","title":{"rendered":"ERD SERVICES AND CONSULTING GROUP"},"content":{"rendered":"\n<div class=\"wp-block-cover alignfull has-ast-global-color-1-background-color has-background-dim\" style=\"min-height:800px;aspect-ratio:unset;\"><img loading=\"lazy\" decoding=\"async\" width=\"1280\" height=\"853\" class=\"wp-block-cover__image-background wp-image-10\" alt=\"\" src=\"https:\/\/erdservices.com\/wp-content\/uploads\/2020\/04\/landscape-mountains-sky-4843193.jpg\" data-object-fit=\"cover\" srcset=\"https:\/\/erdservices.com\/wp-content\/uploads\/2020\/04\/landscape-mountains-sky-4843193.jpg 1280w, https:\/\/erdservices.com\/wp-content\/uploads\/2020\/04\/landscape-mountains-sky-4843193-300x200.jpg 300w, https:\/\/erdservices.com\/wp-content\/uploads\/2020\/04\/landscape-mountains-sky-4843193-1024x682.jpg 1024w, https:\/\/erdservices.com\/wp-content\/uploads\/2020\/04\/landscape-mountains-sky-4843193-768x512.jpg 768w\" sizes=\"auto, (max-width: 1280px) 100vw, 1280px\" \/><div class=\"wp-block-cover__inner-container is-layout-flow wp-block-cover-is-layout-flow\">\n<h1 class=\"has-text-align-center has-ast-global-color-5-color has-text-color wp-block-heading\">ERD Services &amp; Consulting Group<\/h1>\n\n\n\n<h3 class=\"has-text-align-center has-ast-global-color-5-color has-text-color wp-block-heading\"> <\/h3>\n\n\n\n<p class=\"has-text-align-center has-medium-font-size\"><\/p>\n\n\n\n<p class=\"has-text-align-center has-medium-font-size\"><strong><strong>Planeaci\u00f3n, evaluaci\u00f3n, administraci\u00f3n y optimizaci\u00f3n de proyectos y servicios<\/strong><\/strong> <strong>especializados<\/strong><\/p>\n\n\n\n<p class=\"has-text-align-center has-normal-font-size\"><em>\u201cEstamos comprometidos en proveer soluciones de valor y servicios de asesor\u00eda estrat\u00e9gica, t\u00e9cnica y operativa, con los m\u00e1s altos est\u00e1ndares de calidad e innovaci\u00f3n, que permitan a nuestros clientes alcanzar sus objetivos frente a un entorno cambiante\u201d<\/em><\/p>\n<\/div><\/div>\n\n\n\n<div class=\"wp-block-group alignfull has-ast-global-color-5-background-color has-background is-layout-flow wp-block-group-is-layout-flow\"><div class=\"wp-block-group__inner-container\">\n<div class=\"wp-block-columns are-vertically-aligned-center is-layout-flex wp-container-core-columns-is-layout-9d6595d7 wp-block-columns-is-layout-flex\">\n<div class=\"wp-block-column is-vertically-aligned-center is-layout-flow wp-block-column-is-layout-flow\">\n<div class=\"wp-block-cover has-background-dim-30 has-ast-global-color-1-background-color has-background-dim wp-duotone-000000-00a5ff-1\"><img decoding=\"async\" class=\"wp-block-cover__image-background wp-image-471\" alt=\"\" src=\"https:\/\/erdservices.com\/wp-content\/uploads\/2020\/08\/fog-in-mountain.jpg\" data-object-fit=\"cover\"\/><div class=\"wp-block-cover__inner-container is-layout-flow wp-block-cover-is-layout-flow\">\n<p class=\"has-medium-font-size\"><strong>Consultor\u00edas y asesor\u00edas<\/strong><\/p>\n\n\n\n<blockquote class=\"wp-block-quote is-layout-flow wp-block-quote-is-layout-flow\"><p><span class=\"has-inline-color has-ast-global-color-5-color\"><strong>Estrategia y planeaci\u00f3n<\/strong><\/span><\/p><p><span class=\"has-inline-color has-ast-global-color-5-color\"><strong>Inteligencia de negocios<\/strong><\/span><\/p><p><span class=\"has-inline-color has-ast-global-color-5-color\"><strong>Evaluaci\u00f3n econ\u00f3mica y modelado de reg\u00edmenes fiscales<\/strong><\/span><\/p><p><span class=\"has-inline-color has-ast-global-color-5-color\"><strong>An\u00e1lisis para toma de decisiones<\/strong><\/span><\/p><p><span class=\"has-inline-color has-ast-global-color-5-color\"><strong>Administraci\u00f3n de proyectos<\/strong><\/span><\/p><p><span class=\"has-inline-color has-ast-global-color-5-color\"><strong>Optimizaci\u00f3n de proyectos y portafolios<\/strong><\/span><\/p><\/blockquote>\n<\/div><\/div>\n<\/div>\n\n\n\n<div class=\"wp-block-column is-vertically-aligned-center is-layout-flow wp-block-column-is-layout-flow\">\n<div class=\"wp-block-cover has-background-dim-30 has-ast-global-color-1-background-color has-background-dim wp-duotone-rgb000-rgb7121571-2\"><img loading=\"lazy\" decoding=\"async\" width=\"1280\" height=\"853\" class=\"wp-block-cover__image-background wp-image-12\" alt=\"\" src=\"https:\/\/erdservices.com\/wp-content\/uploads\/2020\/04\/snowy-mountain-1287145.jpg\" data-object-fit=\"cover\" srcset=\"https:\/\/erdservices.com\/wp-content\/uploads\/2020\/04\/snowy-mountain-1287145.jpg 1280w, https:\/\/erdservices.com\/wp-content\/uploads\/2020\/04\/snowy-mountain-1287145-300x200.jpg 300w, https:\/\/erdservices.com\/wp-content\/uploads\/2020\/04\/snowy-mountain-1287145-1024x682.jpg 1024w, https:\/\/erdservices.com\/wp-content\/uploads\/2020\/04\/snowy-mountain-1287145-768x512.jpg 768w\" sizes=\"auto, (max-width: 1280px) 100vw, 1280px\" \/><div class=\"wp-block-cover__inner-container is-layout-flow wp-block-cover-is-layout-flow\">\n<p class=\"has-medium-font-size\"><strong>Cursos<\/strong><strong> y <\/strong><strong>capacitaciones<\/strong><\/p>\n\n\n\n<blockquote class=\"wp-block-quote is-layout-flow wp-block-quote-is-layout-flow\"><p><span class=\"has-inline-color has-ast-global-color-5-color\"><strong>Planeaci\u00f3n y administraci\u00f3n de proyectos<\/strong><\/span><\/p><p><span class=\"has-inline-color has-ast-global-color-5-color\"><strong>Evaluaci\u00f3n econ\u00f3mica <\/strong><\/span><\/p><p><span class=\"has-inline-color has-ast-global-color-5-color\"><strong>An\u00e1lisis de decisi\u00f3n y riesgo<\/strong><\/span><\/p><p><span class=\"has-inline-color has-ast-global-color-5-color\"><strong>Optimizaci\u00f3n de proyectos y portafolios<\/strong><\/span><\/p><p><span class=\"has-inline-color has-ast-global-color-5-color\"><strong>Reg\u00edmenes fiscales de petr\u00f3leo y gas<\/strong><\/span><\/p><p><span class=\"has-inline-color has-ast-global-color-5-color\"><strong>Reservas de hidrocarburos<\/strong><\/span><\/p><\/blockquote>\n\n\n\n<p><\/p>\n<\/div><\/div>\n<\/div>\n\n\n\n<div class=\"wp-block-column is-vertically-aligned-center is-layout-flow wp-block-column-is-layout-flow\">\n<div class=\"wp-block-cover has-background-dim-30 has-ast-global-color-1-background-color has-background-dim wp-duotone-000000-rgb202199199-3\" style=\"min-height:100vh;aspect-ratio:unset;\"><img loading=\"lazy\" decoding=\"async\" width=\"1280\" height=\"853\" class=\"wp-block-cover__image-background wp-image-13\" alt=\"\" src=\"https:\/\/erdservices.com\/wp-content\/uploads\/2020\/04\/photo-of-people-standing-on-top-of-mountain-near-grasses-733162.jpg\" data-object-fit=\"cover\" srcset=\"https:\/\/erdservices.com\/wp-content\/uploads\/2020\/04\/photo-of-people-standing-on-top-of-mountain-near-grasses-733162.jpg 1280w, https:\/\/erdservices.com\/wp-content\/uploads\/2020\/04\/photo-of-people-standing-on-top-of-mountain-near-grasses-733162-300x200.jpg 300w, https:\/\/erdservices.com\/wp-content\/uploads\/2020\/04\/photo-of-people-standing-on-top-of-mountain-near-grasses-733162-1024x682.jpg 1024w, https:\/\/erdservices.com\/wp-content\/uploads\/2020\/04\/photo-of-people-standing-on-top-of-mountain-near-grasses-733162-768x512.jpg 768w\" sizes=\"auto, (max-width: 1280px) 100vw, 1280px\" \/><div class=\"wp-block-cover__inner-container is-layout-flow wp-block-cover-is-layout-flow\">\n<p class=\"has-medium-font-size\"><strong>Servicios especializados<\/strong><\/p>\n\n\n\n<blockquote class=\"wp-block-quote is-layout-flow wp-block-quote-is-layout-flow\"><p><span class=\"has-inline-color has-ast-global-color-5-color\"><strong>Soporte t\u00e9cnico especializado remoto y en sitio<\/strong><\/span><\/p><p><span class=\"has-inline-color has-ast-global-color-5-color\"><strong>Suministro de materiales e insumos para oficina e industria<\/strong><\/span><\/p><p><span class=\"has-inline-color has-ast-global-color-5-color\"><strong>Desarrollo de software y aplicaciones<\/strong><\/span> <strong><span class=\"has-inline-color has-ast-global-color-5-color\">especializadas<\/span><\/strong><\/p><\/blockquote>\n\n\n\n<p><\/p>\n<\/div><\/div>\n<\/div>\n<\/div>\n<\/div><\/div>\n\n\n\n<div class=\"wp-block-group alignfull has-ast-global-color-5-background-color has-background is-layout-flow wp-block-group-is-layout-flow\"><div class=\"wp-block-group__inner-container\">\n<div class=\"wp-block-columns is-layout-flex wp-container-core-columns-is-layout-9d6595d7 wp-block-columns-is-layout-flex\">\n<div class=\"wp-block-column is-layout-flow wp-block-column-is-layout-flow\">\n<p class=\"has-large-font-size\"><strong>\u00bfPor qu\u00e9 nosotros?<\/strong><\/p>\n\n\n\n<p><strong>Un grupo de profesionales con experiencia en la industria petrolera, de M\u00e9xico y Latinoam\u00e9rica, comprometidos en ofrecer servicios de consultor\u00eda, asesor\u00eda, soporte t\u00e9cnico y gerenciamiento de proyectos de alto valor<\/strong><\/p>\n<\/div>\n\n\n\n<div class=\"wp-block-column is-layout-flow wp-block-column-is-layout-flow\">\n<blockquote class=\"wp-block-quote is-layout-flow wp-block-quote-is-layout-flow\"><p>M\u00e1s de 15 a\u00f1os de experiencia en el negocio<\/p><p>Proyectos ejecutados e implementados en M\u00e9xico y Latinoam\u00e9rica<\/p><p>Especializaci\u00f3n en Planeaci\u00f3n, Evaluaci\u00f3n y Administraci\u00f3n de Proyectos<\/p><p>Red de contactos con compa\u00f1\u00edas operadoras y de servicios en la industria energ\u00e9tica mexicana<\/p><p>Flexibilidad y agilidad en la toma de decisiones y en la ejecuci\u00f3n de nuestros servicios<\/p><p>Compa\u00f1\u00eda mexicana con un equipo multidisciplinario y multicultural<\/p><\/blockquote>\n\n\n\n<div class=\"wp-block-buttons is-layout-flex wp-block-buttons-is-layout-flex\"><\/div>\n<\/div>\n<\/div>\n<\/div><\/div>\n\n\n\n<div class=\"wp-block-cover alignfull has-background-dim-40 has-ast-global-color-1-background-color has-background-dim has-parallax\" style=\"background-image:url(https:\/\/erdservices.com\/wp-content\/uploads\/2020\/04\/fogs-on-green-mountain-1054222.jpg);min-height:595px;aspect-ratio:unset;\"><div class=\"wp-block-cover__inner-container is-layout-flow wp-block-cover-is-layout-flow\">\n<p class=\"has-text-align-center has-large-font-size\"><em><strong>Contacto<\/strong><\/em><\/p>\n\n\n\n<p class=\"has-text-align-center has-medium-font-size\"><strong>\u00a1Fortalezca su negocio ahora!<\/strong><\/p>\n\n\n\n<div class=\"wp-block-buttons is-content-justification-center is-layout-flex wp-block-buttons-is-layout-flex\">\n<div class=\"wp-block-button is-style-fill\"><a class=\"wp-block-button__link has-ast-global-color-3-color has-ast-global-color-5-background-color has-text-color has-background\" rel=\"#\">contacto@erdservices.com<\/a><\/div>\n<\/div>\n<\/div><\/div>\n\n\n\n<div class=\"wp-block-group alignfull has-ast-global-color-4-background-color has-background is-layout-flow wp-block-group-is-layout-flow\"><div class=\"wp-block-group__inner-container\">\n<div class=\"wp-block-columns is-layout-flex wp-container-core-columns-is-layout-9d6595d7 wp-block-columns-is-layout-flex\">\n<div class=\"wp-block-column is-layout-flow wp-block-column-is-layout-flow\">\n<figure class=\"wp-block-image size-large\"><img loading=\"lazy\" decoding=\"async\" width=\"1024\" height=\"682\" src=\"https:\/\/websitedemos.net\/mountain-08\/wp-content\/uploads\/sites\/584\/2020\/04\/snowy-mountain-1287145-1024x682.jpg\" alt=\"\" class=\"wp-image-12\" srcset=\"https:\/\/erdservices.com\/wp-content\/uploads\/2020\/04\/snowy-mountain-1287145-1024x682.jpg 1024w, https:\/\/erdservices.com\/wp-content\/uploads\/2020\/04\/snowy-mountain-1287145-300x200.jpg 300w, https:\/\/erdservices.com\/wp-content\/uploads\/2020\/04\/snowy-mountain-1287145-768x512.jpg 768w, https:\/\/erdservices.com\/wp-content\/uploads\/2020\/04\/snowy-mountain-1287145.jpg 1280w\" sizes=\"auto, (max-width: 1024px) 100vw, 1024px\" \/><\/figure>\n<\/div>\n\n\n\n<div class=\"wp-block-column is-layout-flow wp-block-column-is-layout-flow\">\n<figure class=\"wp-block-image size-large\"><img loading=\"lazy\" decoding=\"async\" width=\"1024\" height=\"682\" src=\"https:\/\/websitedemos.net\/mountain-08\/wp-content\/uploads\/sites\/584\/2020\/04\/green-leafed-trees-during-fog-time-167684-1024x682.jpg\" alt=\"\" class=\"wp-image-11\" srcset=\"https:\/\/erdservices.com\/wp-content\/uploads\/2020\/04\/green-leafed-trees-during-fog-time-167684-1024x682.jpg 1024w, https:\/\/erdservices.com\/wp-content\/uploads\/2020\/04\/green-leafed-trees-during-fog-time-167684-300x200.jpg 300w, https:\/\/erdservices.com\/wp-content\/uploads\/2020\/04\/green-leafed-trees-during-fog-time-167684-768x512.jpg 768w, https:\/\/erdservices.com\/wp-content\/uploads\/2020\/04\/green-leafed-trees-during-fog-time-167684.jpg 1280w\" sizes=\"auto, (max-width: 1024px) 100vw, 1024px\" \/><\/figure>\n<\/div>\n\n\n\n<div class=\"wp-block-column is-layout-flow wp-block-column-is-layout-flow\">\n<figure class=\"wp-block-image size-large\"><img loading=\"lazy\" decoding=\"async\" width=\"1024\" height=\"678\" src=\"https:\/\/websitedemos.net\/mountain-08\/wp-content\/uploads\/sites\/584\/2020\/04\/green-grass-field-and-mountain-1034887-1024x678.jpg\" alt=\"\" class=\"wp-image-18\" srcset=\"https:\/\/erdservices.com\/wp-content\/uploads\/2020\/04\/green-grass-field-and-mountain-1034887-1024x678.jpg 1024w, https:\/\/erdservices.com\/wp-content\/uploads\/2020\/04\/green-grass-field-and-mountain-1034887-300x199.jpg 300w, https:\/\/erdservices.com\/wp-content\/uploads\/2020\/04\/green-grass-field-and-mountain-1034887-768x508.jpg 768w, https:\/\/erdservices.com\/wp-content\/uploads\/2020\/04\/green-grass-field-and-mountain-1034887.jpg 1280w\" sizes=\"auto, (max-width: 1024px) 100vw, 1024px\" \/><\/figure>\n<\/div>\n<\/div>\n\n\n\n<div class=\"wp-block-columns is-layout-flex wp-container-core-columns-is-layout-9d6595d7 wp-block-columns-is-layout-flex\">\n<div class=\"wp-block-column is-layout-flow wp-block-column-is-layout-flow\">\n<figure class=\"wp-block-image size-large\"><img loading=\"lazy\" decoding=\"async\" width=\"1024\" height=\"682\" src=\"https:\/\/websitedemos.net\/mountain-08\/wp-content\/uploads\/sites\/584\/2020\/04\/bird-s-eye-view-photography-of-green-forest-1208379-1024x682.jpg\" alt=\"\" class=\"wp-image-19\" srcset=\"https:\/\/erdservices.com\/wp-content\/uploads\/2020\/04\/bird-s-eye-view-photography-of-green-forest-1208379-1024x682.jpg 1024w, https:\/\/erdservices.com\/wp-content\/uploads\/2020\/04\/bird-s-eye-view-photography-of-green-forest-1208379-300x200.jpg 300w, https:\/\/erdservices.com\/wp-content\/uploads\/2020\/04\/bird-s-eye-view-photography-of-green-forest-1208379-768x512.jpg 768w, https:\/\/erdservices.com\/wp-content\/uploads\/2020\/04\/bird-s-eye-view-photography-of-green-forest-1208379.jpg 1280w\" sizes=\"auto, (max-width: 1024px) 100vw, 1024px\" \/><\/figure>\n<\/div>\n\n\n\n<div class=\"wp-block-column is-layout-flow wp-block-column-is-layout-flow\">\n<figure class=\"wp-block-image size-large\"><img loading=\"lazy\" decoding=\"async\" width=\"1024\" height=\"682\" src=\"https:\/\/websitedemos.net\/mountain-08\/wp-content\/uploads\/sites\/584\/2020\/04\/photo-of-people-standing-on-top-of-mountain-near-grasses-733162-1024x682.jpg\" alt=\"\" class=\"wp-image-13\" srcset=\"https:\/\/erdservices.com\/wp-content\/uploads\/2020\/04\/photo-of-people-standing-on-top-of-mountain-near-grasses-733162-1024x682.jpg 1024w, https:\/\/erdservices.com\/wp-content\/uploads\/2020\/04\/photo-of-people-standing-on-top-of-mountain-near-grasses-733162-300x200.jpg 300w, https:\/\/erdservices.com\/wp-content\/uploads\/2020\/04\/photo-of-people-standing-on-top-of-mountain-near-grasses-733162-768x512.jpg 768w, https:\/\/erdservices.com\/wp-content\/uploads\/2020\/04\/photo-of-people-standing-on-top-of-mountain-near-grasses-733162.jpg 1280w\" sizes=\"auto, (max-width: 1024px) 100vw, 1024px\" \/><\/figure>\n<\/div>\n\n\n\n<div class=\"wp-block-column is-layout-flow wp-block-column-is-layout-flow\">\n<figure class=\"wp-block-image size-large\"><img loading=\"lazy\" decoding=\"async\" width=\"1024\" height=\"682\" src=\"https:\/\/websitedemos.net\/mountain-08\/wp-content\/uploads\/sites\/584\/2020\/04\/mountain-and-lake-at-sunset-135157-1024x682.jpg\" alt=\"\" class=\"wp-image-20\" srcset=\"https:\/\/erdservices.com\/wp-content\/uploads\/2020\/04\/mountain-and-lake-at-sunset-135157-1024x682.jpg 1024w, https:\/\/erdservices.com\/wp-content\/uploads\/2020\/04\/mountain-and-lake-at-sunset-135157-300x200.jpg 300w, https:\/\/erdservices.com\/wp-content\/uploads\/2020\/04\/mountain-and-lake-at-sunset-135157-768x512.jpg 768w, https:\/\/erdservices.com\/wp-content\/uploads\/2020\/04\/mountain-and-lake-at-sunset-135157.jpg 1280w\" sizes=\"auto, (max-width: 1024px) 100vw, 1024px\" \/><\/figure>\n<\/div>\n<\/div>\n<\/div><\/div>\n","protected":false},"excerpt":{"rendered":"<p>\u00bfPor qu\u00e9 nosotros? Un grupo de profesionales con experiencia en la industria petrolera, de M\u00e9xico y Latinoam\u00e9rica, comprometidos en ofrecer servicios de consultor\u00eda, asesor\u00eda, soporte t\u00e9cnico y gerenciamiento de proyectos de alto valor M\u00e1s de 15 a\u00f1os de experiencia en el negocio Proyectos ejecutados e implementados en M\u00e9xico y Latinoam\u00e9rica Especializaci\u00f3n en Planeaci\u00f3n, Evaluaci\u00f3n y &hellip;<\/p>\n<p class=\"read-more\"> <a class=\"\" href=\"https:\/\/erdservices.com\/\"> <span class=\"screen-reader-text\">ERD SERVICES AND CONSULTING GROUP<\/span> Read More &raquo;<\/a><\/p>\n","protected":false},"author":1,"featured_media":0,"parent":0,"menu_order":0,"comment_status":"closed","ping_status":"closed","template":"","meta":{"om_disable_all_campaigns":false,"_monsterinsights_skip_tracking":false,"_monsterinsights_sitenote_active":false,"_monsterinsights_sitenote_note":"","_monsterinsights_sitenote_category":0,"site-sidebar-layout":"no-sidebar","site-content-layout":"plain-container","ast-main-header-display":"","ast-hfb-above-header-display":"","ast-hfb-below-header-display":"","ast-hfb-mobile-header-display":"","site-post-title":"disabled","ast-breadcrumbs-content":"","ast-featured-img":"disabled","footer-sml-layout":"","theme-transparent-header-meta":"enabled","adv-header-id-meta":"","stick-header-meta":"","header-above-stick-meta":"","header-main-stick-meta":"","header-below-stick-meta":"","footnotes":""},"class_list":["post-217","page","type-page","status-publish","hentry"],"_links":{"self":[{"href":"https:\/\/erdservices.com\/index.php?rest_route=\/wp\/v2\/pages\/217","targetHints":{"allow":["GET"]}}],"collection":[{"href":"https:\/\/erdservices.com\/index.php?rest_route=\/wp\/v2\/pages"}],"about":[{"href":"https:\/\/erdservices.com\/index.php?rest_route=\/wp\/v2\/types\/page"}],"author":[{"embeddable":true,"href":"https:\/\/erdservices.com\/index.php?rest_route=\/wp\/v2\/users\/1"}],"replies":[{"embeddable":true,"href":"https:\/\/erdservices.com\/index.php?rest_route=%2Fwp%2Fv2%2Fcomments&post=217"}],"version-history":[{"count":23,"href":"https:\/\/erdservices.com\/index.php?rest_route=\/wp\/v2\/pages\/217\/revisions"}],"predecessor-version":[{"id":679,"href":"https:\/\/erdservices.com\/index.php?rest_route=\/wp\/v2\/pages\/217\/revisions\/679"}],"wp:attachment":[{"href":"https:\/\/erdservices.com\/index.php?rest_route=%2Fwp%2Fv2%2Fmedia&parent=217"}],"curies":[{"name":"wp","href":"https:\/\/api.w.org\/{rel}","templated":true}]}}